{"id":118,"date":"2022-10-12T23:50:46","date_gmt":"2022-10-12T21:50:46","guid":{"rendered":"http:\/\/zurhaxe-berlin.de\/?page_id=118"},"modified":"2022-10-12T23:51:35","modified_gmt":"2022-10-12T21:51:35","slug":"datenschutz","status":"publish","type":"page","link":"https:\/\/zurhaxe-berlin.de\/gb\/datenschutz\/","title":{"rendered":"Privacy Policy"},"content":{"rendered":"<p>Wir erheben auf unserer Seite keinerlei personenbezogene Daten. Providerseitig werden Daten erhoben in Form von Logfiles erhoben. Das ist zul\u00e4ssig im Zuge der DSGVO, wie Sie den folgenden Abs\u00e4tzen entnehmen k\u00f6nnen.<\/p>\n<h3>Hosting<\/h3>\n<p>Die von uns in Anspruch genommenen Hosting-Leistungen dienen der Zurverf\u00fcgungstellung der folgenden Leistungen: Infrastruktur- und Plattformdienstleistungen, Rechenkapazit\u00e4t, Speicherplatz und Datenbankdienste, Sicherheitsleistungen sowie technische Wartungsleistungen, die wir zum Zwecke des Betriebs dieses Onlineangebotes einsetzen.<\/p>\n<p>Hierbei verarbeitet unser Hostinganbieter Bestandsdaten, Kontaktdaten, Inhaltsdaten, Vertragsdaten, Nutzungsdaten, Meta- und Kommunikationsdaten von Kunden, Interessenten und Besuchern dieses Onlineangebotes auf Grundlage unserer berechtigten Interessen an einer effizienten und sicheren Zurverf\u00fcgungstellung dieses Onlineangebotes gem. Art. 6 Abs. 1 lit. f DSGVO i.V.m. Art. 28 DSGVO (Abschluss Auftragsverarbeitungsvertrag).<\/p>\n<h3>Erhebung von Zugriffsdaten und Logfiles<\/h3>\n<p>Unser Hostinganbieter erhebt auf Grundlage unserer berechtigten Interessen im Sinne des Art. 6 Abs. 1 lit. f. DSGVO Daten \u00fcber jeden Zugriff auf den Server, auf dem sich dieser Dienst befindet (sogenannte Serverlogfiles). Zu den Zugriffsdaten geh\u00f6ren Name der abgerufenen Webseite, Datei, Datum und Uhrzeit des Abrufs, \u00fcbertragene Datenmenge, Meldung \u00fcber erfolgreichen Abruf, Browsertyp nebst Version, das Betriebssystem des Nutzers, Referrer URL (die zuvor besuchte Seite), IP-Adresse und der anfragende Provider.<\/p>\n<p>Logfile-Informationen werden aus Sicherheitsgr\u00fcnden (z.B. zur Aufkl\u00e4rung von Missbrauchs- oder Betrugshandlungen) f\u00fcr die Dauer von maximal 7 Tagen gespeichert und danach gel\u00f6scht. Daten, deren weitere Aufbewahrung zu Beweiszwecken erforderlich ist, sind bis zur endg\u00fcltigen Kl\u00e4rung des jeweiligen Vorfalls von der L\u00f6schung ausgenommen.<\/p>\n","protected":false},"excerpt":{"rendered":"<p>Wir erheben auf unserer Seite keinerlei personenbezogene Daten. Providerseitig werden Daten erhoben in Form von Logfiles erhoben. Das ist zul\u00e4ssig im Zuge der DSGVO, wie Sie den folgenden Abs\u00e4tzen entnehmen&hellip;<\/p>\n","protected":false},"author":1,"featured_media":0,"parent":0,"menu_order":0,"comment_status":"closed","ping_status":"closed","template":"","meta":{"footnotes":""},"class_list":["post-118","page","type-page","status-publish","hentry"],"translation":{"provider":"WPGlobus","version":"3.0.2","language":"gb","enabled_languages":["de","gb"],"languages":{"de":{"title":true,"content":true,"excerpt":false},"gb":{"title":true,"content":true,"excerpt":false}}},"_links":{"self":[{"href":"https:\/\/zurhaxe-berlin.de\/gb\/wp-json\/wp\/v2\/pages\/118","targetHints":{"allow":["GET"]}}],"collection":[{"href":"https:\/\/zurhaxe-berlin.de\/gb\/wp-json\/wp\/v2\/pages"}],"about":[{"href":"https:\/\/zurhaxe-berlin.de\/gb\/wp-json\/wp\/v2\/types\/page"}],"author":[{"embeddable":true,"href":"https:\/\/zurhaxe-berlin.de\/gb\/wp-json\/wp\/v2\/users\/1"}],"replies":[{"embeddable":true,"href":"https:\/\/zurhaxe-berlin.de\/gb\/wp-json\/wp\/v2\/comments?post=118"}],"version-history":[{"count":2,"href":"https:\/\/zurhaxe-berlin.de\/gb\/wp-json\/wp\/v2\/pages\/118\/revisions"}],"predecessor-version":[{"id":120,"href":"https:\/\/zurhaxe-berlin.de\/gb\/wp-json\/wp\/v2\/pages\/118\/revisions\/120"}],"wp:attachment":[{"href":"https:\/\/zurhaxe-berlin.de\/gb\/wp-json\/wp\/v2\/media?parent=118"}],"curies":[{"name":"wp","href":"https:\/\/api.w.org\/{rel}","templated":true}]}}